{"id":508,"date":"2025-05-13T22:22:03","date_gmt":"2025-05-13T22:22:03","guid":{"rendered":"https:\/\/peteruls.webd.pro\/alisalfa\/?page_id=508"},"modified":"2025-05-15T22:37:18","modified_gmt":"2025-05-15T22:37:18","slug":"strona-glowna","status":"publish","type":"page","link":"https:\/\/alisalfa.wroclaw.pl\/","title":{"rendered":"Strona g\u0142\u00f3wna"},"content":{"rendered":"\n<p class=\"has-text-align-center\"><strong>환영!<\/strong><\/p>\n\n\n\n<p>Zapraszamy do obejrzenia prac Alicji U\u0142aszewskiej. Obrazy malowane s\u0105 farbami olejnymi na p\u0142\u00f3tnie. S\u0105 to kopie obraz\u00f3w Van Gogha, G. Klimta, W. Kossaka oraz osobiste impresje. Cz\u0119sto te\u017c portrety. Bardzo ciekawe efekty mo\u017cna uzyska\u0107 maluj\u0105c na jedwabiu. Gra kolor\u00f3w i mo\u017cliwo\u015bci wyrazu s\u0105 zaskakuj\u0105ce. Zdj\u0119cia nie oddaj\u0105 w pe\u0142ni ko\u0144cowego efektu ale zamieszczamy tutaj kilka wzor\u00f3w szali namalowanych przez Alicj\u0119 na jedwabiu.<\/p>\n\n\n\n<p><\/p>\n","protected":false},"excerpt":{"rendered":"<p>Witamy! Zapraszamy do obejrzenia prac Alicji U\u0142aszewskiej. Obrazy malowane s\u0105 farbami olejnymi na p\u0142\u00f3tnie. S\u0105 to kopie obraz\u00f3w Van Gogha, G. Klimta, W. Kossaka oraz osobiste impresje. Cz\u0119sto te\u017c portrety. Bardzo ciekawe efekty mo\u017cna uzyska\u0107 maluj\u0105c na jedwabiu. Gra kolor\u00f3w<\/p>\n","protected":false},"author":1,"featured_media":0,"parent":0,"menu_order":0,"comment_status":"closed","ping_status":"closed","template":"page-templates\/business.php","meta":{"footnotes":""},"class_list":["post-508","page","type-page","status-publish","hentry"],"_links":{"self":[{"href":"https:\/\/alisalfa.wroclaw.pl\/index.php?rest_route=\/wp\/v2\/pages\/508","targetHints":{"allow":["GET"]}}],"collection":[{"href":"https:\/\/alisalfa.wroclaw.pl\/index.php?rest_route=\/wp\/v2\/pages"}],"about":[{"href":"https:\/\/alisalfa.wroclaw.pl\/index.php?rest_route=\/wp\/v2\/types\/page"}],"author":[{"embeddable":true,"href":"https:\/\/alisalfa.wroclaw.pl\/index.php?rest_route=\/wp\/v2\/users\/1"}],"replies":[{"embeddable":true,"href":"https:\/\/alisalfa.wroclaw.pl\/index.php?rest_route=%2Fwp%2Fv2%2Fcomments&post=508"}],"version-history":[{"count":7,"href":"https:\/\/alisalfa.wroclaw.pl\/index.php?rest_route=\/wp\/v2\/pages\/508\/revisions"}],"predecessor-version":[{"id":538,"href":"https:\/\/alisalfa.wroclaw.pl\/index.php?rest_route=\/wp\/v2\/pages\/508\/revisions\/538"}],"wp:attachment":[{"href":"https:\/\/alisalfa.wroclaw.pl\/index.php?rest_route=%2Fwp%2Fv2%2Fmedia&parent=508"}],"curies":[{"name":"wp","href":"https:\/\/api.w.org\/{rel}","templated":true}]}}