{"id":488,"date":"2025-05-12T17:13:01","date_gmt":"2025-05-12T17:13:01","guid":{"rendered":"https:\/\/peteruls.webd.pro\/alisalfa\/?page_id=488"},"modified":"2025-10-11T00:37:26","modified_gmt":"2025-10-11T00:37:26","slug":"o-autorce-2","status":"publish","type":"page","link":"https:\/\/alisalfa.wroclaw.pl\/?page_id=488","title":{"rendered":"O Autorce"},"content":{"rendered":"\n<div class=\"wp-block-media-text is-stacked-on-mobile\" style=\"grid-template-columns:24% auto\"><figure class=\"wp-block-media-text__media\"><img loading=\"lazy\" decoding=\"async\" width=\"400\" height=\"423\" src=\"https:\/\/alisalfa.wroclaw.pl\/wp-content\/uploads\/2025\/06\/roza2s.gif\" alt=\"\" class=\"wp-image-709 size-full\"\/><\/figure><div class=\"wp-block-media-text__content\">\n<p class=\"has-text-align-center\"><strong><em>PRO MEMORIA<\/em><br><em>Wspomnienie o ALICJI U\u0141ASZEWSKIEJ<\/em><\/strong><\/p>\n\n\n\n<p class=\"has-text-align-left\" style=\"text-indent:3em\"><strong>Z potrzeby serca, 3 miesi\u0105ce od ostatniego po\u017cegnania w dniu 1.03.2025, musimy napisa\u0107 tych kilka s\u0142\u00f3w o Autorce obraz\u00f3w tej Galerii. 25 lutego, 2025 roku, o godzinie 6:00 rano w naszym domu, po ci\u0119\u017ckiej chorobie, zaopatrzona w \u015bwi\u0119te sakramenty, podczas snu zmar\u0142a Alicja U\u0142aszewska, nasza \u015ap. ukochana \u017bona i Mama tr\u00f3jki doros\u0142ych ju\u017c dzieci: Piotra, Marty i Lidii.<\/strong><\/p>\n<\/div><\/div>\n\n\n\n<p style=\"margin-top:var(--wp--preset--spacing--40);margin-right:5%;margin-bottom:var(--wp--preset--spacing--40);margin-left:5%;text-align:justify;text-indent:3em\"><strong>Alicja &#8211; c\u00f3rka Janiny i Stanis\u0142awa Kromp (pochodzili z Tarnopola) urodzi\u0142a si\u0119 22 wrze\u015bnia 1950 roku w Bytomiu, w rodzinie o silnych tradycjach wojskowych i patriotycznych. Jej dziadek kawalerzysta bra\u0142 udzia\u0142 w wojnie Polsko \u2013 Bolszewickiej 1920 roku, ojciec st. sier\u017cant podczas II w. \u015bw. by\u0142 d-c\u0105 radiostacji w III brygadzie Czo\u0142g\u00f3w, w I korpusie Pancernym. Natomiast stryj Zbigniew po opuszczeniu II Armii WP i ponownym przyst\u0105pieniu do AK by\u0142 \u017co\u0142nierzem Wykl\u0119tym Niez\u0142omnym. <\/strong>Tak si\u0119 z\u0142o\u017cy\u0142o i ma to dla nas wymiar prawdziwego symbolu, \u017ce uroczysto\u015b\u0107 po\u017cegnania wypad\u0142a 1 marca 2025r., w Narodowym Dniu Pami\u0119ci o \u017bo\u0142nierzach Wykl\u0119tych &#8211; Niez\u0142omnych<strong>. Dla nas Alicja<\/strong> <strong>by\u0142a Kobiet\u0105 r\u00f3wnie\u017c Dzieln\u0105 i Niez\u0142omn\u0105 i jak to m\u00f3wi\u0105 by\u0142a \u201eKobiet\u0105 z Klas\u0105<\/strong>\u201d. Jako wzorowa \u017cona i matka urodzi\u0142a 3-k\u0119 dzieci i wychowa\u0142a je w trudnych warunkach PRL-u, bardzo ci\u0119\u017cko pracowa\u0142a dla Rodziny i Ojczyzny, potrafi\u0142a gustownie zadba\u0107 o dom, o sw\u00f3j i dzieci wygl\u0105d, a s\u0142owa B\u00f3g Honor i Ojczyzna by\u0142y dla niej warto\u015bci\u0105 nadrz\u0119dn\u0105.<\/p>\n\n\n\n<p style=\"margin-top:var(--wp--preset--spacing--40);margin-right:5%;margin-bottom:var(--wp--preset--spacing--40);margin-left:5%;text-align:justify;text-indent:3em\">Ala podczas studi\u00f3w biologicznych w Uniwersytecie Wroc\u0142awskim, w latach 1969 &#8211; 1970 obdarzy\u0142a mnie darem przyja\u017ani i mi\u0142o\u015bci, co zaowocowa\u0142o cywilnym i sakramentalnym zwi\u0105zkiem w 1971 roku i za to jestem Jej bardzo wdzi\u0119czny. Nadawali\u015bmy i odbierali\u015bmy prawie na tych samych falach poniewa\u017c \u0142\u0105czy\u0142y nas podobne warto\u015bci i zainteresowania dotycz\u0105ce zar\u00f3wno biologii, malarstwa, muzyki, historii Polski XX wieku i podr\u00f3\u017cy po \u015bwiecie, dyskutowali\u015bmy na wiele r\u00f3\u017cnych temat\u00f3w, kt\u00f3rych nigdy nie brakowa\u0142o w otaczaj\u0105cej nas rzeczywisto\u015bci. Po uko\u0144czeniu magisterskich studi\u00f3w biologicznych na WNP UWr., zrobi\u0142a specjalizacj\u0119 z mikrobiologii i a\u017c do emerytury pracowa\u0142a w laboratorium mikrobiologicznym Kolejowej S\u0142u\u017cby Zdrowia, z 4-letni\u0105 przerw\u0105 urlopu bezp\u0142atnego, kiedy to razem z dzie\u0107mi towarzyszy\u0142a mi podczas mojego sta\u017cu naukowego w UCL Louvain-la-Neuve w Belgii. Ju\u017c jako emerytka uczy\u0142a si\u0119 j\u0119zyk\u00f3w angielskiego i hiszpa\u0144skiego, by\u0142a nadal pe\u0142na energii i optymizmu, kt\u00f3ry udziela\u0142 si\u0119 ca\u0142ej rodzinie. Ala by\u0142a bardzo ambitna i uparta w wielu r\u00f3\u017cnych sprawach, r\u00f3wnie\u017c w d\u0105\u017ceniu do celu, co mo\u017cna uzna\u0107 zar\u00f3wno za zalet\u0119 jak i wad\u0119. Szcz\u0119\u015bliwie uda\u0142o nam si\u0119 odwiedzi\u0107 wiele pa\u0144stw na \u015bwiecie, m.in. USA, Peru i Indie oraz wi\u0119kszo\u015b\u0107 kraj\u00f3w Europy. Konsekwentnie realizowa\u0142a swoje zainteresowania i starza\u0142a si\u0119 z godno\u015bci\u0105, co zreszt\u0105 wida\u0107 pi\u0119knie na za\u0142\u0105czonym zdj\u0119ciu (pierwsze z prawej strony), kt\u00f3re zosta\u0142o zrobione w grudniu 2024 roku, podczas \u015bwi\u0105t Bo\u017cego Narodzenia.<\/p>\n\n\n\n<p style=\"margin-top:var(--wp--preset--spacing--40);margin-right:5%;margin-bottom:var(--wp--preset--spacing--40);margin-left:5%;text-align:justify;text-indent:3em\n\">Na co dzie\u0144 Ala by\u0142a cz\u0142owiekiem bardzo skromnym, niezwykle grzecznym oraz tolerancyjnym, otwartym i \u017cyczliwym dla innych ludzi. W efekcie to skutkuje do dnia dzisiejszego licznymi znajomo\u015bciami w kraju i za granic\u0105, na co pozwala\u0142a Jej dobra, czynna znajomo\u015b\u0107 j\u0119zyka francuskiego. Nie gardzi\u0142a nikim i szanowa\u0142a ka\u017cdego cz\u0142owieka bez wzgl\u0119du na pochodzenie spo\u0142eczne i narodowo\u015b\u0107, zawsze gotowa do bezinteresownej pomocy i po\u015bwi\u0119ce\u0144. Ala bardzo lubi\u0142a kwiaty i zwierz\u0119ta, dlatego dzi\u0119ki Niej w naszym skromnym domu z tarasem i ogrodem, w kt\u00f3rym mieszkamy przez 25 lat, zawsze by\u0142o i nadal jest wiele r\u00f3\u017cnych gatunk\u00f3w ro\u015blin oraz du\u017co kot\u00f3w naszych i dochodz\u0105cych obcych. Opiekowa\u0142a si\u0119 nimi troskliwie i systematycznie 3x dziennie karmi\u0142a. Wiele razy byli\u015bmy \u015bwiadkiem, kiedy ta ca\u0142a kocia smutna gromada, odprowadza\u0142a J\u0105 do bramy ogrodu i wita\u0142a rado\u015bnie, kiedy wraca\u0142a do domu<strong>. <\/strong>Jeste\u015bmy przekonani, \u017ce umi\u0142owanie zwierz\u0105t, przyrody i wszelkich form \u017cycia by\u0142o g\u0142\u00f3wn\u0105 przyczyn\u0105 tego, \u017ce wybra\u0142a studia biologiczne na Wydziale Nauk Przyrodniczych Uniwersytetu Wroc\u0142awskiego. Warto podkre\u015bli\u0107, \u017ce prac\u0119 dyplomow\u0105 wykona\u0142a w Katedrze Fizjologii Zwierz\u0105t pod kierunkiem dr docenta Edwarda Zubika, wspania\u0142ego cz\u0142owieka (cz\u0142onka OD\u015aZ\u017bAK<strong>),<\/strong> kt\u00f3ry przed wojn\u0105 pracowa\u0142 w s\u0142ynnym Instytucie prof. R. Weigla, a podczas wojny by\u0142 \u017co\u0142nierzem i kurierem AK pomi\u0119dzy Lwowem i Warszaw\u0105, dostarcza\u0142 szczepionk\u0119 przeciwko tyfusowi do Getta \u017bydowskiego w Warszawie, m.in. prof. Ludwikowi Hirszfeldowi. Na Jego pro\u015bb\u0119, dzi\u0119ki mojej inicjatywie dyrektora IGiM U.Wr., sala wyk\u0142adowa w Instytucie Genetyki i Mikrobiologii zosta\u0142a nazwana im. Rudolfa Weigla. Natomiast na moj\u0105 pro\u015bb\u0119 Ala namalowa\u0142a portret Patrona, kt\u00f3ry jest umieszczony na \u015bcianie, po prawej stronie sali wyk\u0142adowej, Portret jest r\u00f3wnie\u017c widoczny w tej galerii. Ala mia\u0142a r\u00f3wnie\u017c do wyboru inn\u0105 drog\u0119 kszta\u0142cenia tj., podj\u0119cia studi\u00f3w artystycznych poniewa\u017c by\u0142a obdarzona wyj\u0105tkowym talentem artystycznym &#8211; malarskim, kt\u00f3ry realizowa\u0142a w wolnych chwilach, maluj\u0105c farbami olejnymi portrety (wi\u0119kszo\u015b\u0107 to znajomi z UCL w Louvain-la-Neuve, Belgia). Ponadto, sceny patriotyczne, batalistyczne z historii Legion\u00f3w i obrazy abstrakcyjne, kt\u00f3rymi zd\u0105\u017cy\u0142a obdarowa\u0107 wielu znajomych. Mocno wierzymy, \u017ce teraz ma du\u017co wolnego czasu i maluje te swoje obrazy abstrakcyjne ju\u017c w innym wymiarze i przestrzeni dla nas niewidocznej&#8230;<\/p>\n\n\n\n<p style=\"margin-top:var(--wp--preset--spacing--40);margin-right:5%;margin-bottom:var(--wp--preset--spacing--40);margin-left:5%\"><em>Staropolskim Zwyczajem \u017cyczymy Szcz\u0119\u015b\u0107 Bo\u017ce !<\/em><br><em>i dzi\u0119kujemy za wirtualn\u0105 wizyt\u0119 w Galerii Alisalfa !<\/em><\/p>\n\n\n\n<p style=\"margin-top:var(--wp--preset--spacing--40);margin-right:5%;margin-bottom:var(--wp--preset--spacing--40);margin-left:5%\"><em>1.06.2025. Stanis\u0142aw U\u0142aszewski w imieniu dzieci Piotra, Marty i Lidii<\/em><\/p>\n\n\n\n<hr class=\"wp-block-separator has-alpha-channel-opacity\"\/>\n\n\n\n<p class=\"has-text-align-center\"><\/p>\n\n\n<style type=\"text\/css\">\n#foogallery-gallery-340 .fg-image { width: 200px; }\n#foogallery-gallery-340 { --fg-gutter: 20px; }<\/style>\n\t\t\t<div class=\"foogallery foogallery-container foogallery-default foogallery-lightbox-foogallery fg-center fg-default fg-ready fg-light fg-border-thin fg-shadow-outline fg-loading-default fg-loaded-fade-in fg-caption-hover fg-hover-fade fg-hover-zoom\" id=\"foogallery-gallery-340\" data-foogallery=\"{&quot;item&quot;:{&quot;showCaptionTitle&quot;:true,&quot;showCaptionDescription&quot;:true},&quot;lazy&quot;:true}\" data-foogallery-lightbox=\"{&quot;thumbs&quot;:&quot;bottom&quot;,&quot;thumbsCaptions&quot;:false,&quot;thumbsBestFit&quot;:false,&quot;thumbsSmall&quot;:false,&quot;thumbsCaptionsAlign&quot;:&quot;default&quot;,&quot;info&quot;:&quot;bottom&quot;,&quot;infoVisible&quot;:true,&quot;infoOverlay&quot;:true,&quot;infoAlign&quot;:&quot;default&quot;,&quot;transition&quot;:&quot;fade&quot;,&quot;hoverButtons&quot;:false,&quot;fitMedia&quot;:false,&quot;noScrollbars&quot;:true,&quot;preserveButtonSpace&quot;:true,&quot;buttons&quot;:{&quot;fullscreen&quot;:true,&quot;info&quot;:true,&quot;thumbs&quot;:false},&quot;video&quot;:{&quot;autoPlay&quot;:true}}\" style=\"--fg-title-line-clamp: 0; --fg-description-line-clamp: 0;\" >\n\t<div class=\"fg-item fg-type-image fg-idle\"><figure class=\"fg-item-inner\"><a href=\"https:\/\/alisalfa.wroclaw.pl\/wp-content\/uploads\/2025\/05\/Alisalfa1.jpg\" data-attachment-id=\"337\" data-type=\"image\" class=\"fg-thumb\"><span class=\"fg-image-wrap\"><img decoding=\"async\" width=\"200\" height=\"200\" class=\"skip-lazy fg-image\" data-src-fg=\"https:\/\/alisalfa.wroclaw.pl\/wp-content\/uploads\/cache\/2025\/05\/Alisalfa1\/1859919125.jpg\" src=\"data:image\/svg+xml,%3Csvg%20xmlns%3D%22http%3A%2F%2Fwww.w3.org%2F2000%2Fsvg%22%20width%3D%22200%22%20height%3D%22200%22%20viewBox%3D%220%200%20200%20200%22%3E%3C%2Fsvg%3E\" loading=\"eager\"><\/span><span class=\"fg-image-overlay\"><\/span><\/a><\/figure><div class=\"fg-loader\"><\/div><\/div><div class=\"fg-item fg-type-image fg-idle\"><figure class=\"fg-item-inner\"><a href=\"https:\/\/alisalfa.wroclaw.pl\/wp-content\/uploads\/2025\/05\/Alisalfa2.jpg\" data-attachment-id=\"338\" data-type=\"image\" class=\"fg-thumb\"><span class=\"fg-image-wrap\"><img decoding=\"async\" width=\"200\" height=\"200\" class=\"skip-lazy fg-image\" data-src-fg=\"https:\/\/alisalfa.wroclaw.pl\/wp-content\/uploads\/cache\/2025\/05\/Alisalfa2\/617754065.jpg\" src=\"data:image\/svg+xml,%3Csvg%20xmlns%3D%22http%3A%2F%2Fwww.w3.org%2F2000%2Fsvg%22%20width%3D%22200%22%20height%3D%22200%22%20viewBox%3D%220%200%20200%20200%22%3E%3C%2Fsvg%3E\" loading=\"eager\"><\/span><span class=\"fg-image-overlay\"><\/span><\/a><\/figure><div class=\"fg-loader\"><\/div><\/div><div class=\"fg-item fg-type-image fg-idle\"><figure class=\"fg-item-inner\"><a href=\"https:\/\/alisalfa.wroclaw.pl\/wp-content\/uploads\/2025\/05\/Alisalfa3.jpg\" data-attachment-id=\"339\" data-type=\"image\" class=\"fg-thumb\"><span class=\"fg-image-wrap\"><img decoding=\"async\" width=\"200\" height=\"200\" class=\"skip-lazy fg-image\" data-src-fg=\"https:\/\/alisalfa.wroclaw.pl\/wp-content\/uploads\/cache\/2025\/05\/Alisalfa3\/4260895670.jpg\" src=\"data:image\/svg+xml,%3Csvg%20xmlns%3D%22http%3A%2F%2Fwww.w3.org%2F2000%2Fsvg%22%20width%3D%22200%22%20height%3D%22200%22%20viewBox%3D%220%200%20200%20200%22%3E%3C%2Fsvg%3E\" loading=\"eager\"><\/span><span class=\"fg-image-overlay\"><\/span><\/a><\/figure><div class=\"fg-loader\"><\/div><\/div><\/div>\n\n\n\n<p><\/p>\n","protected":false},"excerpt":{"rendered":"<p>PRO MEMORIAWspomnienie o ALICJI U\u0141ASZEWSKIEJ Z potrzeby serca, 3 miesi\u0105ce od ostatniego po\u017cegnania w dniu 1.03.2025, musimy napisa\u0107 tych kilka s\u0142\u00f3w o Autorce obraz\u00f3w tej Galerii. 25 lutego, 2025 roku, o godzinie 6:00 rano w naszym domu, po ci\u0119\u017ckiej chorobie,<\/p>\n","protected":false},"author":1,"featured_media":0,"parent":0,"menu_order":0,"comment_status":"closed","ping_status":"closed","template":"","meta":{"footnotes":""},"class_list":["post-488","page","type-page","status-publish","hentry"],"_links":{"self":[{"href":"https:\/\/alisalfa.wroclaw.pl\/index.php?rest_route=\/wp\/v2\/pages\/488","targetHints":{"allow":["GET"]}}],"collection":[{"href":"https:\/\/alisalfa.wroclaw.pl\/index.php?rest_route=\/wp\/v2\/pages"}],"about":[{"href":"https:\/\/alisalfa.wroclaw.pl\/index.php?rest_route=\/wp\/v2\/types\/page"}],"author":[{"embeddable":true,"href":"https:\/\/alisalfa.wroclaw.pl\/index.php?rest_route=\/wp\/v2\/users\/1"}],"replies":[{"embeddable":true,"href":"https:\/\/alisalfa.wroclaw.pl\/index.php?rest_route=%2Fwp%2Fv2%2Fcomments&post=488"}],"version-history":[{"count":71,"href":"https:\/\/alisalfa.wroclaw.pl\/index.php?rest_route=\/wp\/v2\/pages\/488\/revisions"}],"predecessor-version":[{"id":1091,"href":"https:\/\/alisalfa.wroclaw.pl\/index.php?rest_route=\/wp\/v2\/pages\/488\/revisions\/1091"}],"wp:attachment":[{"href":"https:\/\/alisalfa.wroclaw.pl\/index.php?rest_route=%2Fwp%2Fv2%2Fmedia&parent=488"}],"curies":[{"name":"wp","href":"https:\/\/api.w.org\/{rel}","templated":true}]}}